{"id":87,"date":"2026-03-26T15:30:38","date_gmt":"2026-03-26T15:30:38","guid":{"rendered":"https:\/\/esimatic.com\/no\/?page_id=87"},"modified":"2026-03-31T06:43:50","modified_gmt":"2026-03-31T06:43:50","slug":"kontakt-oss","status":"publish","type":"page","link":"https:\/\/esimatic.com\/no\/kontakt-oss\/","title":{"rendered":"Kontakt oss \u2013 Ta kontakt med Esimatic sitt supportteam"},"content":{"rendered":"","protected":false},"excerpt":{"rendered":"","protected":false},"author":1,"featured_media":0,"parent":0,"menu_order":0,"comment_status":"closed","ping_status":"closed","template":"","meta":{"_acf_changed":false,"footnotes":""},"class_list":["post-87","page","type-page","status-publish","hentry"],"acf":[],"yoast_head":"<!-- This site is optimized with the Yoast SEO plugin v27.0 - https:\/\/yoast.com\/product\/yoast-seo-wordpress\/ -->\n<title>Kontakt oss \u2013 F\u00e5 hjelp fra Esimatic supportteam<\/title>\n<meta name=\"description\" content=\"Kontakt Esimatic for hjelp med eSIM, aktivering eller tekniske sp\u00f8rsm\u00e5l. V\u00e5rt supportteam st\u00e5r klart til \u00e5 hjelpe deg \u2013 uansett hvor du er.\" \/>\n<meta name=\"robots\" content=\"index, follow, max-snippet:-1, max-image-preview:large, max-video-preview:-1\" \/>\n<link rel=\"canonical\" href=\"https:\/\/esimatic.com\/no\/kontakt-oss\/\" \/>\n<meta property=\"og:locale\" content=\"nb_NO\" \/>\n<meta property=\"og:type\" content=\"article\" \/>\n<meta property=\"og:title\" content=\"Kontakt oss \u2013 F\u00e5 hjelp fra Esimatic supportteam\" \/>\n<meta property=\"og:description\" content=\"Kontakt Esimatic for hjelp med eSIM, aktivering eller tekniske sp\u00f8rsm\u00e5l. V\u00e5rt supportteam st\u00e5r klart til \u00e5 hjelpe deg \u2013 uansett hvor du er.\" \/>\n<meta property=\"og:url\" content=\"https:\/\/esimatic.com\/no\/kontakt-oss\/\" \/>\n<meta property=\"og:site_name\" content=\"Esimatic Norwegian\" \/>\n<meta property=\"article:modified_time\" content=\"2026-03-31T06:43:50+00:00\" \/>\n<meta name=\"twitter:card\" content=\"summary_large_image\" \/>\n<meta name=\"twitter:label1\" content=\"Ansl. lesetid\" \/>\n\t<meta name=\"twitter:data1\" content=\"1 minutt\" \/>\n<script type=\"application\/ld+json\" class=\"yoast-schema-graph\">{\"@context\":\"https:\/\/schema.org\",\"@graph\":[{\"@type\":\"WebPage\",\"@id\":\"https:\/\/esimatic.com\/no\/kontakt-oss\/\",\"url\":\"https:\/\/esimatic.com\/no\/kontakt-oss\/\",\"name\":\"Kontakt oss \u2013 F\u00e5 hjelp fra Esimatic supportteam\",\"isPartOf\":{\"@id\":\"https:\/\/esimatic.com\/no\/#website\"},\"datePublished\":\"2026-03-26T15:30:38+00:00\",\"dateModified\":\"2026-03-31T06:43:50+00:00\",\"description\":\"Kontakt Esimatic for hjelp med eSIM, aktivering eller tekniske sp\u00f8rsm\u00e5l. V\u00e5rt supportteam st\u00e5r klart til \u00e5 hjelpe deg \u2013 uansett hvor du er.\",\"breadcrumb\":{\"@id\":\"https:\/\/esimatic.com\/no\/kontakt-oss\/#breadcrumb\"},\"inLanguage\":\"en\",\"potentialAction\":[{\"@type\":\"ReadAction\",\"target\":[\"https:\/\/esimatic.com\/no\/kontakt-oss\/\"]}]},{\"@type\":\"BreadcrumbList\",\"@id\":\"https:\/\/esimatic.com\/no\/kontakt-oss\/#breadcrumb\",\"itemListElement\":[{\"@type\":\"ListItem\",\"position\":1,\"name\":\"Home\",\"item\":\"https:\/\/esimatic.com\/no\/\"},{\"@type\":\"ListItem\",\"position\":2,\"name\":\"Kontakt oss \u2013 Ta kontakt med Esimatic sitt supportteam\"}]},{\"@type\":\"WebSite\",\"@id\":\"https:\/\/esimatic.com\/no\/#website\",\"url\":\"https:\/\/esimatic.com\/no\/\",\"name\":\"Esimatic Norwegian\",\"description\":\"\",\"potentialAction\":[{\"@type\":\"SearchAction\",\"target\":{\"@type\":\"EntryPoint\",\"urlTemplate\":\"https:\/\/esimatic.com\/no\/?s={search_term_string}\"},\"query-input\":{\"@type\":\"PropertyValueSpecification\",\"valueRequired\":true,\"valueName\":\"search_term_string\"}}],\"inLanguage\":\"en\"}]}<\/script>\n<!-- \/ Yoast SEO plugin. -->","yoast_head_json":{"title":"Kontakt oss \u2013 F\u00e5 hjelp fra Esimatic supportteam","description":"Kontakt Esimatic for hjelp med eSIM, aktivering eller tekniske sp\u00f8rsm\u00e5l. V\u00e5rt supportteam st\u00e5r klart til \u00e5 hjelpe deg \u2013 uansett hvor du er.","robots":{"index":"index","follow":"follow","max-snippet":"max-snippet:-1","max-image-preview":"max-image-preview:large","max-video-preview":"max-video-preview:-1"},"canonical":"https:\/\/esimatic.com\/no\/kontakt-oss\/","og_locale":"nb_NO","og_type":"article","og_title":"Kontakt oss \u2013 F\u00e5 hjelp fra Esimatic supportteam","og_description":"Kontakt Esimatic for hjelp med eSIM, aktivering eller tekniske sp\u00f8rsm\u00e5l. V\u00e5rt supportteam st\u00e5r klart til \u00e5 hjelpe deg \u2013 uansett hvor du er.","og_url":"https:\/\/esimatic.com\/no\/kontakt-oss\/","og_site_name":"Esimatic Norwegian","article_modified_time":"2026-03-31T06:43:50+00:00","twitter_card":"summary_large_image","twitter_misc":{"Ansl. lesetid":"1 minutt"},"schema":{"@context":"https:\/\/schema.org","@graph":[{"@type":"WebPage","@id":"https:\/\/esimatic.com\/no\/kontakt-oss\/","url":"https:\/\/esimatic.com\/no\/kontakt-oss\/","name":"Kontakt oss \u2013 F\u00e5 hjelp fra Esimatic supportteam","isPartOf":{"@id":"https:\/\/esimatic.com\/no\/#website"},"datePublished":"2026-03-26T15:30:38+00:00","dateModified":"2026-03-31T06:43:50+00:00","description":"Kontakt Esimatic for hjelp med eSIM, aktivering eller tekniske sp\u00f8rsm\u00e5l. V\u00e5rt supportteam st\u00e5r klart til \u00e5 hjelpe deg \u2013 uansett hvor du er.","breadcrumb":{"@id":"https:\/\/esimatic.com\/no\/kontakt-oss\/#breadcrumb"},"inLanguage":"en","potentialAction":[{"@type":"ReadAction","target":["https:\/\/esimatic.com\/no\/kontakt-oss\/"]}]},{"@type":"BreadcrumbList","@id":"https:\/\/esimatic.com\/no\/kontakt-oss\/#breadcrumb","itemListElement":[{"@type":"ListItem","position":1,"name":"Home","item":"https:\/\/esimatic.com\/no\/"},{"@type":"ListItem","position":2,"name":"Kontakt oss \u2013 Ta kontakt med Esimatic sitt supportteam"}]},{"@type":"WebSite","@id":"https:\/\/esimatic.com\/no\/#website","url":"https:\/\/esimatic.com\/no\/","name":"Esimatic Norwegian","description":"","potentialAction":[{"@type":"SearchAction","target":{"@type":"EntryPoint","urlTemplate":"https:\/\/esimatic.com\/no\/?s={search_term_string}"},"query-input":{"@type":"PropertyValueSpecification","valueRequired":true,"valueName":"search_term_string"}}],"inLanguage":"en"}]}},"_links":{"self":[{"href":"https:\/\/esimatic.com\/no\/wp-json\/wp\/v2\/pages\/87","targetHints":{"allow":["GET"]}}],"collection":[{"href":"https:\/\/esimatic.com\/no\/wp-json\/wp\/v2\/pages"}],"about":[{"href":"https:\/\/esimatic.com\/no\/wp-json\/wp\/v2\/types\/page"}],"author":[{"embeddable":true,"href":"https:\/\/esimatic.com\/no\/wp-json\/wp\/v2\/users\/1"}],"replies":[{"embeddable":true,"href":"https:\/\/esimatic.com\/no\/wp-json\/wp\/v2\/comments?post=87"}],"version-history":[{"count":1,"href":"https:\/\/esimatic.com\/no\/wp-json\/wp\/v2\/pages\/87\/revisions"}],"predecessor-version":[{"id":89,"href":"https:\/\/esimatic.com\/no\/wp-json\/wp\/v2\/pages\/87\/revisions\/89"}],"wp:attachment":[{"href":"https:\/\/esimatic.com\/no\/wp-json\/wp\/v2\/media?parent=87"}],"curies":[{"name":"wp","href":"https:\/\/api.w.org\/{rel}","templated":true}]}}