{"id":73,"date":"2026-03-26T15:12:04","date_gmt":"2026-03-26T15:12:04","guid":{"rendered":"https:\/\/esimatic.com\/no\/?page_id=73"},"modified":"2026-03-31T06:44:03","modified_gmt":"2026-03-31T06:44:03","slug":"om-oss","status":"publish","type":"page","link":"https:\/\/esimatic.com\/no\/om-oss\/","title":{"rendered":"Om oss"},"content":{"rendered":"","protected":false},"excerpt":{"rendered":"","protected":false},"author":1,"featured_media":0,"parent":0,"menu_order":0,"comment_status":"closed","ping_status":"closed","template":"","meta":{"_acf_changed":false,"footnotes":""},"class_list":["post-73","page","type-page","status-publish","hentry"],"acf":[],"yoast_head":"<!-- This site is optimized with the Yoast SEO plugin v27.0 - https:\/\/yoast.com\/product\/yoast-seo-wordpress\/ -->\n<title>Teamet bak de beste eSIM-l\u00f8sningene | Esimatic<\/title>\n<meta name=\"description\" content=\"L\u00e6r mer om Esimatic og teamet bak v\u00e5re globale eSIM-l\u00f8sninger. Vi hjelper reisende med \u00e5 holde seg tilkoblet og unng\u00e5 dyre roamingkostnader.\" \/>\n<meta name=\"robots\" content=\"index, follow, max-snippet:-1, max-image-preview:large, max-video-preview:-1\" \/>\n<link rel=\"canonical\" href=\"https:\/\/esimatic.com\/no\/om-oss\/\" \/>\n<meta property=\"og:locale\" content=\"nb_NO\" \/>\n<meta property=\"og:type\" content=\"article\" \/>\n<meta property=\"og:title\" content=\"Teamet bak de beste eSIM-l\u00f8sningene | Esimatic\" \/>\n<meta property=\"og:description\" content=\"L\u00e6r mer om Esimatic og teamet bak v\u00e5re globale eSIM-l\u00f8sninger. Vi hjelper reisende med \u00e5 holde seg tilkoblet og unng\u00e5 dyre roamingkostnader.\" \/>\n<meta property=\"og:url\" content=\"https:\/\/esimatic.com\/no\/om-oss\/\" \/>\n<meta property=\"og:site_name\" content=\"Esimatic Norwegian\" \/>\n<meta property=\"article:modified_time\" content=\"2026-03-31T06:44:03+00:00\" \/>\n<meta name=\"twitter:card\" content=\"summary_large_image\" \/>\n<meta name=\"twitter:label1\" content=\"Ansl. lesetid\" \/>\n\t<meta name=\"twitter:data1\" content=\"3 minutter\" \/>\n<script type=\"application\/ld+json\" class=\"yoast-schema-graph\">{\"@context\":\"https:\/\/schema.org\",\"@graph\":[{\"@type\":\"WebPage\",\"@id\":\"https:\/\/esimatic.com\/no\/om-oss\/\",\"url\":\"https:\/\/esimatic.com\/no\/om-oss\/\",\"name\":\"Teamet bak de beste eSIM-l\u00f8sningene | Esimatic\",\"isPartOf\":{\"@id\":\"https:\/\/esimatic.com\/no\/#website\"},\"datePublished\":\"2026-03-26T15:12:04+00:00\",\"dateModified\":\"2026-03-31T06:44:03+00:00\",\"description\":\"L\u00e6r mer om Esimatic og teamet bak v\u00e5re globale eSIM-l\u00f8sninger. Vi hjelper reisende med \u00e5 holde seg tilkoblet og unng\u00e5 dyre roamingkostnader.\",\"breadcrumb\":{\"@id\":\"https:\/\/esimatic.com\/no\/om-oss\/#breadcrumb\"},\"inLanguage\":\"en\",\"potentialAction\":[{\"@type\":\"ReadAction\",\"target\":[\"https:\/\/esimatic.com\/no\/om-oss\/\"]}]},{\"@type\":\"BreadcrumbList\",\"@id\":\"https:\/\/esimatic.com\/no\/om-oss\/#breadcrumb\",\"itemListElement\":[{\"@type\":\"ListItem\",\"position\":1,\"name\":\"Home\",\"item\":\"https:\/\/esimatic.com\/no\/\"},{\"@type\":\"ListItem\",\"position\":2,\"name\":\"Om oss\"}]},{\"@type\":\"WebSite\",\"@id\":\"https:\/\/esimatic.com\/no\/#website\",\"url\":\"https:\/\/esimatic.com\/no\/\",\"name\":\"Esimatic Norwegian\",\"description\":\"\",\"potentialAction\":[{\"@type\":\"SearchAction\",\"target\":{\"@type\":\"EntryPoint\",\"urlTemplate\":\"https:\/\/esimatic.com\/no\/?s={search_term_string}\"},\"query-input\":{\"@type\":\"PropertyValueSpecification\",\"valueRequired\":true,\"valueName\":\"search_term_string\"}}],\"inLanguage\":\"en\"}]}<\/script>\n<!-- \/ Yoast SEO plugin. -->","yoast_head_json":{"title":"Teamet bak de beste eSIM-l\u00f8sningene | Esimatic","description":"L\u00e6r mer om Esimatic og teamet bak v\u00e5re globale eSIM-l\u00f8sninger. Vi hjelper reisende med \u00e5 holde seg tilkoblet og unng\u00e5 dyre roamingkostnader.","robots":{"index":"index","follow":"follow","max-snippet":"max-snippet:-1","max-image-preview":"max-image-preview:large","max-video-preview":"max-video-preview:-1"},"canonical":"https:\/\/esimatic.com\/no\/om-oss\/","og_locale":"nb_NO","og_type":"article","og_title":"Teamet bak de beste eSIM-l\u00f8sningene | Esimatic","og_description":"L\u00e6r mer om Esimatic og teamet bak v\u00e5re globale eSIM-l\u00f8sninger. Vi hjelper reisende med \u00e5 holde seg tilkoblet og unng\u00e5 dyre roamingkostnader.","og_url":"https:\/\/esimatic.com\/no\/om-oss\/","og_site_name":"Esimatic Norwegian","article_modified_time":"2026-03-31T06:44:03+00:00","twitter_card":"summary_large_image","twitter_misc":{"Ansl. lesetid":"3 minutter"},"schema":{"@context":"https:\/\/schema.org","@graph":[{"@type":"WebPage","@id":"https:\/\/esimatic.com\/no\/om-oss\/","url":"https:\/\/esimatic.com\/no\/om-oss\/","name":"Teamet bak de beste eSIM-l\u00f8sningene | Esimatic","isPartOf":{"@id":"https:\/\/esimatic.com\/no\/#website"},"datePublished":"2026-03-26T15:12:04+00:00","dateModified":"2026-03-31T06:44:03+00:00","description":"L\u00e6r mer om Esimatic og teamet bak v\u00e5re globale eSIM-l\u00f8sninger. Vi hjelper reisende med \u00e5 holde seg tilkoblet og unng\u00e5 dyre roamingkostnader.","breadcrumb":{"@id":"https:\/\/esimatic.com\/no\/om-oss\/#breadcrumb"},"inLanguage":"en","potentialAction":[{"@type":"ReadAction","target":["https:\/\/esimatic.com\/no\/om-oss\/"]}]},{"@type":"BreadcrumbList","@id":"https:\/\/esimatic.com\/no\/om-oss\/#breadcrumb","itemListElement":[{"@type":"ListItem","position":1,"name":"Home","item":"https:\/\/esimatic.com\/no\/"},{"@type":"ListItem","position":2,"name":"Om oss"}]},{"@type":"WebSite","@id":"https:\/\/esimatic.com\/no\/#website","url":"https:\/\/esimatic.com\/no\/","name":"Esimatic Norwegian","description":"","potentialAction":[{"@type":"SearchAction","target":{"@type":"EntryPoint","urlTemplate":"https:\/\/esimatic.com\/no\/?s={search_term_string}"},"query-input":{"@type":"PropertyValueSpecification","valueRequired":true,"valueName":"search_term_string"}}],"inLanguage":"en"}]}},"_links":{"self":[{"href":"https:\/\/esimatic.com\/no\/wp-json\/wp\/v2\/pages\/73","targetHints":{"allow":["GET"]}}],"collection":[{"href":"https:\/\/esimatic.com\/no\/wp-json\/wp\/v2\/pages"}],"about":[{"href":"https:\/\/esimatic.com\/no\/wp-json\/wp\/v2\/types\/page"}],"author":[{"embeddable":true,"href":"https:\/\/esimatic.com\/no\/wp-json\/wp\/v2\/users\/1"}],"replies":[{"embeddable":true,"href":"https:\/\/esimatic.com\/no\/wp-json\/wp\/v2\/comments?post=73"}],"version-history":[{"count":4,"href":"https:\/\/esimatic.com\/no\/wp-json\/wp\/v2\/pages\/73\/revisions"}],"predecessor-version":[{"id":730,"href":"https:\/\/esimatic.com\/no\/wp-json\/wp\/v2\/pages\/73\/revisions\/730"}],"wp:attachment":[{"href":"https:\/\/esimatic.com\/no\/wp-json\/wp\/v2\/media?parent=73"}],"curies":[{"name":"wp","href":"https:\/\/api.w.org\/{rel}","templated":true}]}}