{"id":2,"date":"2026-03-26T14:24:52","date_gmt":"2026-03-26T14:24:52","guid":{"rendered":"https:\/\/esimatic.com\/no\/?page_id=2"},"modified":"2026-04-14T09:38:43","modified_gmt":"2026-04-14T09:38:43","slug":"homepage","status":"publish","type":"page","link":"https:\/\/esimatic.com\/no\/","title":{"rendered":"Esimatic.com Norwegian"},"content":{"rendered":"","protected":false},"excerpt":{"rendered":"","protected":false},"author":1,"featured_media":0,"parent":0,"menu_order":0,"comment_status":"closed","ping_status":"open","template":"","meta":{"_acf_changed":false,"footnotes":""},"class_list":["post-2","page","type-page","status-publish","hentry"],"acf":[],"yoast_head":"<!-- This site is optimized with the Yoast SEO plugin v27.0 - https:\/\/yoast.com\/product\/yoast-seo-wordpress\/ -->\n<title>Beste eSIM-leverand\u00f8r | Mobildata i utlandet<\/title>\n<meta name=\"description\" content=\"Unng\u00e5 roaming og hold deg p\u00e5 nett over hele verden med Esimatic. F\u00e5 rask og stabil mobildata med fleksible eSIM-abonnement for reiser.\" \/>\n<meta name=\"robots\" content=\"index, follow, max-snippet:-1, max-image-preview:large, max-video-preview:-1\" \/>\n<link rel=\"canonical\" href=\"https:\/\/esimatic.com\/no\/\" \/>\n<meta property=\"og:locale\" content=\"nb_NO\" \/>\n<meta property=\"og:type\" content=\"article\" \/>\n<meta property=\"og:title\" content=\"Beste eSIM-leverand\u00f8r | Mobildata i utlandet\" \/>\n<meta property=\"og:description\" content=\"Unng\u00e5 roaming og hold deg p\u00e5 nett over hele verden med Esimatic. F\u00e5 rask og stabil mobildata med fleksible eSIM-abonnement for reiser.\" \/>\n<meta property=\"og:url\" content=\"https:\/\/esimatic.com\/no\/\" \/>\n<meta property=\"og:site_name\" content=\"Esimatic Norwegian\" \/>\n<meta property=\"article:modified_time\" content=\"2026-04-14T09:38:43+00:00\" \/>\n<meta name=\"twitter:card\" content=\"summary_large_image\" \/>\n<meta name=\"twitter:label1\" content=\"Ansl. lesetid\" \/>\n\t<meta name=\"twitter:data1\" content=\"5 minutter\" \/>\n<script type=\"application\/ld+json\" class=\"yoast-schema-graph\">{\"@context\":\"https:\/\/schema.org\",\"@graph\":[{\"@type\":\"WebPage\",\"@id\":\"https:\/\/esimatic.com\/no\/\",\"url\":\"https:\/\/esimatic.com\/no\/\",\"name\":\"Beste eSIM-leverand\u00f8r | Mobildata i utlandet\",\"isPartOf\":{\"@id\":\"https:\/\/esimatic.com\/no\/#website\"},\"datePublished\":\"2026-03-26T14:24:52+00:00\",\"dateModified\":\"2026-04-14T09:38:43+00:00\",\"description\":\"Unng\u00e5 roaming og hold deg p\u00e5 nett over hele verden med Esimatic. F\u00e5 rask og stabil mobildata med fleksible eSIM-abonnement for reiser.\",\"breadcrumb\":{\"@id\":\"https:\/\/esimatic.com\/no\/#breadcrumb\"},\"inLanguage\":\"en\",\"potentialAction\":[{\"@type\":\"ReadAction\",\"target\":[\"https:\/\/esimatic.com\/no\/\"]}]},{\"@type\":\"BreadcrumbList\",\"@id\":\"https:\/\/esimatic.com\/no\/#breadcrumb\",\"itemListElement\":[{\"@type\":\"ListItem\",\"position\":1,\"name\":\"Home\",\"item\":\"https:\/\/esimatic.com\/no\/\"},{\"@type\":\"ListItem\",\"position\":2,\"name\":\"Esimatic.com Norwegian\"}]},{\"@type\":\"WebSite\",\"@id\":\"https:\/\/esimatic.com\/no\/#website\",\"url\":\"https:\/\/esimatic.com\/no\/\",\"name\":\"Esimatic Norwegian\",\"description\":\"\",\"potentialAction\":[{\"@type\":\"SearchAction\",\"target\":{\"@type\":\"EntryPoint\",\"urlTemplate\":\"https:\/\/esimatic.com\/no\/?s={search_term_string}\"},\"query-input\":{\"@type\":\"PropertyValueSpecification\",\"valueRequired\":true,\"valueName\":\"search_term_string\"}}],\"inLanguage\":\"en\"}]}<\/script>\n<!-- \/ Yoast SEO plugin. -->","yoast_head_json":{"title":"Beste eSIM-leverand\u00f8r | Mobildata i utlandet","description":"Unng\u00e5 roaming og hold deg p\u00e5 nett over hele verden med Esimatic. F\u00e5 rask og stabil mobildata med fleksible eSIM-abonnement for reiser.","robots":{"index":"index","follow":"follow","max-snippet":"max-snippet:-1","max-image-preview":"max-image-preview:large","max-video-preview":"max-video-preview:-1"},"canonical":"https:\/\/esimatic.com\/no\/","og_locale":"nb_NO","og_type":"article","og_title":"Beste eSIM-leverand\u00f8r | Mobildata i utlandet","og_description":"Unng\u00e5 roaming og hold deg p\u00e5 nett over hele verden med Esimatic. F\u00e5 rask og stabil mobildata med fleksible eSIM-abonnement for reiser.","og_url":"https:\/\/esimatic.com\/no\/","og_site_name":"Esimatic Norwegian","article_modified_time":"2026-04-14T09:38:43+00:00","twitter_card":"summary_large_image","twitter_misc":{"Ansl. lesetid":"5 minutter"},"schema":{"@context":"https:\/\/schema.org","@graph":[{"@type":"WebPage","@id":"https:\/\/esimatic.com\/no\/","url":"https:\/\/esimatic.com\/no\/","name":"Beste eSIM-leverand\u00f8r | Mobildata i utlandet","isPartOf":{"@id":"https:\/\/esimatic.com\/no\/#website"},"datePublished":"2026-03-26T14:24:52+00:00","dateModified":"2026-04-14T09:38:43+00:00","description":"Unng\u00e5 roaming og hold deg p\u00e5 nett over hele verden med Esimatic. F\u00e5 rask og stabil mobildata med fleksible eSIM-abonnement for reiser.","breadcrumb":{"@id":"https:\/\/esimatic.com\/no\/#breadcrumb"},"inLanguage":"en","potentialAction":[{"@type":"ReadAction","target":["https:\/\/esimatic.com\/no\/"]}]},{"@type":"BreadcrumbList","@id":"https:\/\/esimatic.com\/no\/#breadcrumb","itemListElement":[{"@type":"ListItem","position":1,"name":"Home","item":"https:\/\/esimatic.com\/no\/"},{"@type":"ListItem","position":2,"name":"Esimatic.com Norwegian"}]},{"@type":"WebSite","@id":"https:\/\/esimatic.com\/no\/#website","url":"https:\/\/esimatic.com\/no\/","name":"Esimatic Norwegian","description":"","potentialAction":[{"@type":"SearchAction","target":{"@type":"EntryPoint","urlTemplate":"https:\/\/esimatic.com\/no\/?s={search_term_string}"},"query-input":{"@type":"PropertyValueSpecification","valueRequired":true,"valueName":"search_term_string"}}],"inLanguage":"en"}]}},"_links":{"self":[{"href":"https:\/\/esimatic.com\/no\/wp-json\/wp\/v2\/pages\/2","targetHints":{"allow":["GET"]}}],"collection":[{"href":"https:\/\/esimatic.com\/no\/wp-json\/wp\/v2\/pages"}],"about":[{"href":"https:\/\/esimatic.com\/no\/wp-json\/wp\/v2\/types\/page"}],"author":[{"embeddable":true,"href":"https:\/\/esimatic.com\/no\/wp-json\/wp\/v2\/users\/1"}],"replies":[{"embeddable":true,"href":"https:\/\/esimatic.com\/no\/wp-json\/wp\/v2\/comments?post=2"}],"version-history":[{"count":10,"href":"https:\/\/esimatic.com\/no\/wp-json\/wp\/v2\/pages\/2\/revisions"}],"predecessor-version":[{"id":1295,"href":"https:\/\/esimatic.com\/no\/wp-json\/wp\/v2\/pages\/2\/revisions\/1295"}],"wp:attachment":[{"href":"https:\/\/esimatic.com\/no\/wp-json\/wp\/v2\/media?parent=2"}],"curies":[{"name":"wp","href":"https:\/\/api.w.org\/{rel}","templated":true}]}}